{"id":18,"date":"2014-04-26T17:07:49","date_gmt":"2014-04-26T17:07:49","guid":{"rendered":"http:\/\/demo.themegrill.com\/accelerate\/?page_id=18"},"modified":"2024-03-04T17:44:40","modified_gmt":"2024-03-04T16:44:40","slug":"comite","status":"publish","type":"page","link":"https:\/\/judo-cpnamur.be\/index.php\/comite\/","title":{"rendered":"Le comit\u00e9"},"content":{"rendered":"<p>Le Comit\u00e9 provincial namurois est compos\u00e9 de :<\/p>\n<p><strong>Pr\u00e9sident<br \/>\n<\/strong>Delcorps Alain<\/p>\n<p><strong>Vice-pr\u00e9sident<\/strong><br \/>\nDevos Christian<\/p>\n<p><strong>Secr\u00e9taire<\/strong><br \/>\nCouvreur Pierre<\/p>\n<p><strong>Secr\u00e9taire adjointe<\/strong><\/p>\n<p>Guillaume Isabelle<\/p>\n<p><strong>Tr\u00e9sorier<\/strong><br \/>\nCollignon Alain<\/p>\n","protected":false},"excerpt":{"rendered":"<p>La composition du Comit\u00e9 provincial namurois.<\/p>\n","protected":false},"author":1,"featured_media":318,"parent":0,"menu_order":0,"comment_status":"closed","ping_status":"closed","template":"","meta":{"footnotes":""},"class_list":["post-18","page","type-page","status-publish","has-post-thumbnail","hentry"],"yoast_head":"<!-- This site is optimized with the Yoast SEO plugin v18.0 - https:\/\/yoast.com\/wordpress\/plugins\/seo\/ -->\n<title>Le comit\u00e9 provincial namurois de judo : d\u00e9couvrez les membres<\/title>\n<meta name=\"description\" content=\"D\u00e9couvrez les membres du Comit\u00e9 provincial namurois de judo. Toutes les informations li\u00e9es au judo dans la Province de Namur.\" \/>\n<meta name=\"robots\" content=\"index, follow, max-snippet:-1, max-image-preview:large, max-video-preview:-1\" \/>\n<link rel=\"canonical\" href=\"https:\/\/judo-cpnamur.be\/index.php\/comite\/\" \/>\n<meta property=\"og:locale\" content=\"fr_FR\" \/>\n<meta property=\"og:type\" content=\"article\" \/>\n<meta property=\"og:title\" content=\"Le comit\u00e9 provincial namurois de judo : d\u00e9couvrez les membres\" \/>\n<meta property=\"og:description\" content=\"D\u00e9couvrez les membres du Comit\u00e9 provincial namurois de judo. Toutes les informations li\u00e9es au judo dans la Province de Namur.\" \/>\n<meta property=\"og:url\" content=\"https:\/\/judo-cpnamur.be\/index.php\/comite\/\" \/>\n<meta property=\"og:site_name\" content=\"Comit\u00e9 provincial namurois\" \/>\n<meta property=\"article:modified_time\" content=\"2024-03-04T16:44:40+00:00\" \/>\n<meta property=\"og:image\" content=\"https:\/\/judo-cpnamur.be\/wp-content\/uploads\/2021\/05\/the-two-judokas-fighters-posing-on-gray-scaled.jpg\" \/>\n\t<meta property=\"og:image:width\" content=\"2560\" \/>\n\t<meta property=\"og:image:height\" content=\"1707\" \/>\n\t<meta property=\"og:image:type\" content=\"image\/jpeg\" \/>\n<meta name=\"twitter:card\" content=\"summary_large_image\" \/>\n<script type=\"application\/ld+json\" class=\"yoast-schema-graph\">{\"@context\":\"https:\/\/schema.org\",\"@graph\":[{\"@type\":\"Organization\",\"@id\":\"https:\/\/judo-cpnamur.be\/#organization\",\"name\":\"Comit\u00e9 provincial namurois de judo\",\"url\":\"https:\/\/judo-cpnamur.be\/\",\"sameAs\":[],\"logo\":{\"@type\":\"ImageObject\",\"@id\":\"https:\/\/judo-cpnamur.be\/#logo\",\"inLanguage\":\"fr-FR\",\"url\":\"http:\/\/judo-cpnamur.be\/wp-content\/uploads\/2021\/05\/logo1.jpg\",\"contentUrl\":\"http:\/\/judo-cpnamur.be\/wp-content\/uploads\/2021\/05\/logo1.jpg\",\"width\":336,\"height\":426,\"caption\":\"Comit\u00e9 provincial namurois de judo\"},\"image\":{\"@id\":\"https:\/\/judo-cpnamur.be\/#logo\"}},{\"@type\":\"WebSite\",\"@id\":\"https:\/\/judo-cpnamur.be\/#website\",\"url\":\"https:\/\/judo-cpnamur.be\/\",\"name\":\"Comit\u00e9 provincial namurois\",\"description\":\"Judo - Un club pr\u00e8s de chez vous\",\"publisher\":{\"@id\":\"https:\/\/judo-cpnamur.be\/#organization\"},\"potentialAction\":[{\"@type\":\"SearchAction\",\"target\":{\"@type\":\"EntryPoint\",\"urlTemplate\":\"https:\/\/judo-cpnamur.be\/?s={search_term_string}\"},\"query-input\":\"required name=search_term_string\"}],\"inLanguage\":\"fr-FR\"},{\"@type\":\"ImageObject\",\"@id\":\"https:\/\/judo-cpnamur.be\/index.php\/comite\/#primaryimage\",\"inLanguage\":\"fr-FR\",\"url\":\"https:\/\/judo-cpnamur.be\/wp-content\/uploads\/2021\/05\/the-two-judokas-fighters-posing-on-gray-scaled.jpg\",\"contentUrl\":\"https:\/\/judo-cpnamur.be\/wp-content\/uploads\/2021\/05\/the-two-judokas-fighters-posing-on-gray-scaled.jpg\",\"width\":2560,\"height\":1707,\"caption\":\"The two judokas fighters - man and woman - posing on gray studio background\"},{\"@type\":\"WebPage\",\"@id\":\"https:\/\/judo-cpnamur.be\/index.php\/comite\/#webpage\",\"url\":\"https:\/\/judo-cpnamur.be\/index.php\/comite\/\",\"name\":\"Le comit\u00e9 provincial namurois de judo : d\u00e9couvrez les membres\",\"isPartOf\":{\"@id\":\"https:\/\/judo-cpnamur.be\/#website\"},\"primaryImageOfPage\":{\"@id\":\"https:\/\/judo-cpnamur.be\/index.php\/comite\/#primaryimage\"},\"datePublished\":\"2014-04-26T17:07:49+00:00\",\"dateModified\":\"2024-03-04T16:44:40+00:00\",\"description\":\"D\u00e9couvrez les membres du Comit\u00e9 provincial namurois de judo. Toutes les informations li\u00e9es au judo dans la Province de Namur.\",\"breadcrumb\":{\"@id\":\"https:\/\/judo-cpnamur.be\/index.php\/comite\/#breadcrumb\"},\"inLanguage\":\"fr-FR\",\"potentialAction\":[{\"@type\":\"ReadAction\",\"target\":[\"https:\/\/judo-cpnamur.be\/index.php\/comite\/\"]}]},{\"@type\":\"BreadcrumbList\",\"@id\":\"https:\/\/judo-cpnamur.be\/index.php\/comite\/#breadcrumb\",\"itemListElement\":[{\"@type\":\"ListItem\",\"position\":1,\"name\":\"Accueil\",\"item\":\"https:\/\/judo-cpnamur.be\/\"},{\"@type\":\"ListItem\",\"position\":2,\"name\":\"Le comit\u00e9\"}]}]}<\/script>\n<!-- \/ Yoast SEO plugin. -->","yoast_head_json":{"title":"Le comit\u00e9 provincial namurois de judo : d\u00e9couvrez les membres","description":"D\u00e9couvrez les membres du Comit\u00e9 provincial namurois de judo. Toutes les informations li\u00e9es au judo dans la Province de Namur.","robots":{"index":"index","follow":"follow","max-snippet":"max-snippet:-1","max-image-preview":"max-image-preview:large","max-video-preview":"max-video-preview:-1"},"canonical":"https:\/\/judo-cpnamur.be\/index.php\/comite\/","og_locale":"fr_FR","og_type":"article","og_title":"Le comit\u00e9 provincial namurois de judo : d\u00e9couvrez les membres","og_description":"D\u00e9couvrez les membres du Comit\u00e9 provincial namurois de judo. Toutes les informations li\u00e9es au judo dans la Province de Namur.","og_url":"https:\/\/judo-cpnamur.be\/index.php\/comite\/","og_site_name":"Comit\u00e9 provincial namurois","article_modified_time":"2024-03-04T16:44:40+00:00","og_image":[{"width":2560,"height":1707,"url":"https:\/\/judo-cpnamur.be\/wp-content\/uploads\/2021\/05\/the-two-judokas-fighters-posing-on-gray-scaled.jpg","type":"image\/jpeg"}],"twitter_card":"summary_large_image","schema":{"@context":"https:\/\/schema.org","@graph":[{"@type":"Organization","@id":"https:\/\/judo-cpnamur.be\/#organization","name":"Comit\u00e9 provincial namurois de judo","url":"https:\/\/judo-cpnamur.be\/","sameAs":[],"logo":{"@type":"ImageObject","@id":"https:\/\/judo-cpnamur.be\/#logo","inLanguage":"fr-FR","url":"http:\/\/judo-cpnamur.be\/wp-content\/uploads\/2021\/05\/logo1.jpg","contentUrl":"http:\/\/judo-cpnamur.be\/wp-content\/uploads\/2021\/05\/logo1.jpg","width":336,"height":426,"caption":"Comit\u00e9 provincial namurois de judo"},"image":{"@id":"https:\/\/judo-cpnamur.be\/#logo"}},{"@type":"WebSite","@id":"https:\/\/judo-cpnamur.be\/#website","url":"https:\/\/judo-cpnamur.be\/","name":"Comit\u00e9 provincial namurois","description":"Judo - Un club pr\u00e8s de chez vous","publisher":{"@id":"https:\/\/judo-cpnamur.be\/#organization"},"potentialAction":[{"@type":"SearchAction","target":{"@type":"EntryPoint","urlTemplate":"https:\/\/judo-cpnamur.be\/?s={search_term_string}"},"query-input":"required name=search_term_string"}],"inLanguage":"fr-FR"},{"@type":"ImageObject","@id":"https:\/\/judo-cpnamur.be\/index.php\/comite\/#primaryimage","inLanguage":"fr-FR","url":"https:\/\/judo-cpnamur.be\/wp-content\/uploads\/2021\/05\/the-two-judokas-fighters-posing-on-gray-scaled.jpg","contentUrl":"https:\/\/judo-cpnamur.be\/wp-content\/uploads\/2021\/05\/the-two-judokas-fighters-posing-on-gray-scaled.jpg","width":2560,"height":1707,"caption":"The two judokas fighters - man and woman - posing on gray studio background"},{"@type":"WebPage","@id":"https:\/\/judo-cpnamur.be\/index.php\/comite\/#webpage","url":"https:\/\/judo-cpnamur.be\/index.php\/comite\/","name":"Le comit\u00e9 provincial namurois de judo : d\u00e9couvrez les membres","isPartOf":{"@id":"https:\/\/judo-cpnamur.be\/#website"},"primaryImageOfPage":{"@id":"https:\/\/judo-cpnamur.be\/index.php\/comite\/#primaryimage"},"datePublished":"2014-04-26T17:07:49+00:00","dateModified":"2024-03-04T16:44:40+00:00","description":"D\u00e9couvrez les membres du Comit\u00e9 provincial namurois de judo. Toutes les informations li\u00e9es au judo dans la Province de Namur.","breadcrumb":{"@id":"https:\/\/judo-cpnamur.be\/index.php\/comite\/#breadcrumb"},"inLanguage":"fr-FR","potentialAction":[{"@type":"ReadAction","target":["https:\/\/judo-cpnamur.be\/index.php\/comite\/"]}]},{"@type":"BreadcrumbList","@id":"https:\/\/judo-cpnamur.be\/index.php\/comite\/#breadcrumb","itemListElement":[{"@type":"ListItem","position":1,"name":"Accueil","item":"https:\/\/judo-cpnamur.be\/"},{"@type":"ListItem","position":2,"name":"Le comit\u00e9"}]}]}},"_links":{"self":[{"href":"https:\/\/judo-cpnamur.be\/index.php\/wp-json\/wp\/v2\/pages\/18","targetHints":{"allow":["GET"]}}],"collection":[{"href":"https:\/\/judo-cpnamur.be\/index.php\/wp-json\/wp\/v2\/pages"}],"about":[{"href":"https:\/\/judo-cpnamur.be\/index.php\/wp-json\/wp\/v2\/types\/page"}],"author":[{"embeddable":true,"href":"https:\/\/judo-cpnamur.be\/index.php\/wp-json\/wp\/v2\/users\/1"}],"replies":[{"embeddable":true,"href":"https:\/\/judo-cpnamur.be\/index.php\/wp-json\/wp\/v2\/comments?post=18"}],"version-history":[{"count":6,"href":"https:\/\/judo-cpnamur.be\/index.php\/wp-json\/wp\/v2\/pages\/18\/revisions"}],"predecessor-version":[{"id":700,"href":"https:\/\/judo-cpnamur.be\/index.php\/wp-json\/wp\/v2\/pages\/18\/revisions\/700"}],"wp:featuredmedia":[{"embeddable":true,"href":"https:\/\/judo-cpnamur.be\/index.php\/wp-json\/wp\/v2\/media\/318"}],"wp:attachment":[{"href":"https:\/\/judo-cpnamur.be\/index.php\/wp-json\/wp\/v2\/media?parent=18"}],"curies":[{"name":"wp","href":"https:\/\/api.w.org\/{rel}","templated":true}]}}